{"id":72,"date":"2022-08-03T14:45:51","date_gmt":"2022-08-03T19:45:51","guid":{"rendered":"https:\/\/www.supercentrodelamoda.com\/sitio\/?page_id=72"},"modified":"2023-07-26T11:34:06","modified_gmt":"2023-07-26T16:34:06","slug":"inicio","status":"publish","type":"page","link":"https:\/\/www.supercentrodelamoda.com\/sitio\/","title":{"rendered":"Inicio"},"content":{"rendered":"<p>[et_pb_section fb_built=\u00bb1&#8243; fullwidth=\u00bbon\u00bb _builder_version=\u00bb4.18.0&#8243; _module_preset=\u00bbdefault\u00bb global_colors_info=\u00bb{}\u00bb][et_pb_fullwidth_slider use_bg_overlay=\u00bboff\u00bb use_text_overlay=\u00bboff\u00bb arrows_custom_color=\u00bb#FFFFFF\u00bb dot_nav_custom_color=\u00bb#FFFFFF\u00bb _builder_version=\u00bb4.18.0&#8243; _module_preset=\u00bbdefault\u00bb header_font=\u00bbMontserrat|800|||||||\u00bb header_text_color=\u00bb#FFFFFF\u00bb header_font_size=\u00bb46px\u00bb header_line_height=\u00bb1.2em\u00bb body_font=\u00bbPoppins||||||||\u00bb body_text_color=\u00bb#FFFFFF\u00bb body_font_size=\u00bb16px\u00bb background_color=\u00bb#bf2e6b\u00bb background_image=\u00bbhttps:\/\/www.supercentrodelamoda.com\/sitio\/wp-content\/uploads\/2022\/08\/Slide-bg-10-scaled-1.jpg\u00bb background_blend=\u00bbmultiply\u00bb custom_button=\u00bbon\u00bb button_text_size=\u00bb16px\u00bb button_text_color=\u00bb#FFFFFF\u00bb button_bg_color=\u00bb#DE1E77&#8243; button_border_width=\u00bb0px\u00bb button_border_radius=\u00bb20px\u00bb button_icon=\u00bb&#x35;||divi||400&#8243; custom_padding=\u00bb120px||120px||true|false\u00bb auto=\u00bbon\u00bb auto_speed=\u00bb10000&#8243; header_text_shadow_style=\u00bbpreset3&#8243; header_text_shadow_color=\u00bbrgba(255,255,255,0.25)\u00bb body_text_shadow_style=\u00bbpreset3&#8243; body_text_shadow_color=\u00bbrgba(255,255,255,0.28)\u00bb global_colors_info=\u00bb{}\u00bb][et_pb_slide heading=\u00bb\u00a1Aqu\u00ed te alcanza para m\u00e1s, mucho m\u00e1s!\u00bb button_text=\u00bbCon\u00f3cenos\u00bb button_link=\u00bb@ET-DC@eyJkeW5hbWljIjp0cnVlLCJjb250ZW50IjoicG9zdF9saW5rX3VybF9wYWdlIiwic2V0dGluZ3MiOnsicG9zdF9pZCI6Ijc0In19@\u00bb image=\u00bbhttps:\/\/www.supercentrodelamoda.com\/sitio\/wp-content\/uploads\/2022\/08\/slide-img-blanco-500&#215;500-1.png\u00bb use_bg_overlay=\u00bboff\u00bb use_text_overlay=\u00bboff\u00bb _builder_version=\u00bb4.18.0&#8243; _dynamic_attributes=\u00bbbutton_link\u00bb _module_preset=\u00bbdefault\u00bb width=\u00bb90%\u00bb max_width=\u00bb1080px\u00bb global_colors_info=\u00bb{}\u00bb sticky_transition=\u00bbon\u00bb]<\/p>\n<p>Somos el primer Centro Comercial en la v\u00eda internacional de la moda de Itag\u00fc\u00ed.<\/p>\n<p>[\/et_pb_slide][et_pb_slide heading=\u00bbMarcas propias a los mejores precios\u00bb button_text=\u00bbNuestras tiendas\u00bb button_link=\u00bb@ET-DC@eyJkeW5hbWljIjp0cnVlLCJjb250ZW50IjoicG9zdF9saW5rX3VybF9wYWdlIiwic2V0dGluZ3MiOnsicG9zdF9pZCI6Ijc2In19@\u00bb _builder_version=\u00bb4.18.0&#8243; _dynamic_attributes=\u00bbbutton_link\u00bb _module_preset=\u00bbdefault\u00bb global_colors_info=\u00bb{}\u00bb sticky_transition=\u00bbon\u00bb]<\/p>\n<p>Encuentra todo para estar a la moda<\/p>\n<p>[\/et_pb_slide][\/et_pb_fullwidth_slider][\/et_pb_section][et_pb_section fb_built=\u00bb1&#8243; admin_label=\u00bbCarrusel Logos\u00bb _builder_version=\u00bb4.17.6&#8243; _module_preset=\u00bbdefault\u00bb custom_padding=\u00bb||100px||false|false\u00bb collapsed=\u00bbon\u00bb global_colors_info=\u00bb{}\u00bb][et_pb_row _builder_version=\u00bb4.17.6&#8243; _module_preset=\u00bbdefault\u00bb animation_style=\u00bbzoom\u00bb animation_delay=\u00bb200ms\u00bb animation_intensity_zoom=\u00bb20%\u00bb global_colors_info=\u00bb{}\u00bb][et_pb_column type=\u00bb4_4&#8243; _builder_version=\u00bb4.16&#8243; _module_preset=\u00bbdefault\u00bb global_colors_info=\u00bb{}\u00bb][et_pb_text _builder_version=\u00bb4.17.6&#8243; text_font=\u00bbLato||||||||\u00bb text_font_size=\u00bb20px\u00bb text_line_height=\u00bb1.8em\u00bb header_font=\u00bb||||||||\u00bb header_2_font=\u00bbMontserrat|700|||||||\u00bb header_2_text_color=\u00bb#DE1E77&#8243; header_2_font_size=\u00bb42px\u00bb header_5_font=\u00bbPoppins||||||||\u00bb header_5_text_color=\u00bb#E01F45&#8243; text_orientation=\u00bbcenter\u00bb max_width=\u00bb700px\u00bb module_alignment=\u00bbcenter\u00bb custom_margin=\u00bb||0px|\u00bb header_2_font_size_tablet=\u00bb32px\u00bb header_2_font_size_phone=\u00bb20px\u00bb header_2_font_size_last_edited=\u00bbon|phone\u00bb global_colors_info=\u00bb{}\u00bb]<\/p>\n<h2>Nuestras Marcas<\/h2>\n<p>[\/et_pb_text][\/et_pb_column][\/et_pb_row][et_pb_row use_custom_gutter=\u00bbon\u00bb gutter_width=\u00bb1&#8243; _builder_version=\u00bb4.16&#8243; _module_preset=\u00bbdefault\u00bb width=\u00bb90%\u00bb max_width=\u00bb100%\u00bb module_alignment=\u00bbcenter\u00bb animation_style=\u00bbzoom\u00bb animation_delay=\u00bb200ms\u00bb animation_intensity_zoom=\u00bb20%\u00bb locked=\u00bboff\u00bb global_colors_info=\u00bb{}\u00bb][et_pb_column type=\u00bb4_4&#8243; _builder_version=\u00bb4.16&#8243; _module_preset=\u00bbdefault\u00bb global_colors_info=\u00bb{}\u00bb][dipl_logo_slider logo_per_slide=\u00bb5&#8243; slider_loop=\u00bbon\u00bb autoplay_speed=\u00bb2000&#8243; show_arrow=\u00bboff\u00bb show_control_dot=\u00bboff\u00bb slide_image_width=\u00bb250px\u00bb slide_image_height=\u00bb80px\u00bb logo_per_slide_tablet=\u00bb3&#8243; logo_per_slide_phone=\u00bb1&#8243; _builder_version=\u00bb4.18.0&#8243; _module_preset=\u00bbdefault\u00bb global_colors_info=\u00bb{}\u00bb][dipl_logo_slider_item logo_alt=\u00bbAvalon-Jeans\u00bb upload_logo_image=\u00bbhttps:\/\/www.supercentrodelamoda.com\/sitio\/wp-content\/uploads\/2022\/08\/avalon-jeans.png\u00bb _builder_version=\u00bb4.18.0&#8243; _module_preset=\u00bbdefault\u00bb global_colors_info=\u00bb{}\u00bb][\/dipl_logo_slider_item][dipl_logo_slider_item logo_alt=\u00bbIn-Fashion\u00bb upload_logo_image=\u00bbhttps:\/\/www.supercentrodelamoda.com\/sitio\/wp-content\/uploads\/2022\/08\/in-fashion.png\u00bb _builder_version=\u00bb4.18.0&#8243; _module_preset=\u00bbdefault\u00bb global_colors_info=\u00bb{}\u00bb][\/dipl_logo_slider_item][dipl_logo_slider_item logo_alt=\u00bbInmobiliaria-Torres-Loaiza\u00bb upload_logo_image=\u00bbhttps:\/\/www.supercentrodelamoda.com\/sitio\/wp-content\/uploads\/2022\/08\/inmobiliaria-torres.jpg\u00bb _builder_version=\u00bb4.18.0&#8243; _module_preset=\u00bbdefault\u00bb global_colors_info=\u00bb{}\u00bb][\/dipl_logo_slider_item][dipl_logo_slider_item logo_alt=\u00bbBizarro\u00bb upload_logo_image=\u00bbhttps:\/\/www.supercentrodelamoda.com\/sitio\/wp-content\/uploads\/2022\/08\/bizarro.jpg\u00bb _builder_version=\u00bb4.18.0&#8243; _module_preset=\u00bbdefault\u00bb global_colors_info=\u00bb{}\u00bb][\/dipl_logo_slider_item][dipl_logo_slider_item logo_alt=\u00bbOlimpica\u00bb upload_logo_image=\u00bbhttps:\/\/www.supercentrodelamoda.com\/sitio\/wp-content\/uploads\/2022\/08\/Olimpica.jpg\u00bb _builder_version=\u00bb4.18.0&#8243; _module_preset=\u00bbdefault\u00bb global_colors_info=\u00bb{}\u00bb][\/dipl_logo_slider_item][dipl_logo_slider_item logo_alt=\u00bbDrk-Jeans\u00bb upload_logo_image=\u00bbhttps:\/\/www.supercentrodelamoda.com\/sitio\/wp-content\/uploads\/2022\/08\/DRK.jpg\u00bb _builder_version=\u00bb4.18.0&#8243; _module_preset=\u00bbdefault\u00bb global_colors_info=\u00bb{}\u00bb][\/dipl_logo_slider_item][\/dipl_logo_slider][\/et_pb_column][\/et_pb_row][\/et_pb_section][et_pb_section fb_built=\u00bb1&#8243; _builder_version=\u00bb4.18.0&#8243; _module_preset=\u00bbdefault\u00bb background_color=\u00bbrgba(54,34,104,0.3)\u00bb background_image=\u00bbhttps:\/\/www.supercentrodelamoda.com\/sitio\/wp-content\/uploads\/2022\/08\/Slide-bg-1.jpg\u00bb background_blend=\u00bboverlay\u00bb background_enable_mask_style=\u00bbon\u00bb background_mask_style=\u00bbarch\u00bb background_mask_color=\u00bb#362268&#8243; background_mask_transform=\u00bbinvert\u00bb background_mask_blend_mode=\u00bbmultiply\u00bb animation_style=\u00bbslide\u00bb animation_direction=\u00bbleft\u00bb animation_delay=\u00bb200ms\u00bb animation_intensity_slide=\u00bb20%\u00bb global_module=\u00bb399&#8243; saved_tabs=\u00bball\u00bb global_colors_info=\u00bb{}\u00bb][et_pb_row column_structure=\u00bb3_5,2_5&#8243; _builder_version=\u00bb4.17.6&#8243; _module_preset=\u00bbdefault\u00bb animation_style=\u00bbzoom\u00bb animation_delay=\u00bb200ms\u00bb animation_intensity_zoom=\u00bb20%\u00bb global_colors_info=\u00bb{}\u00bb][et_pb_column type=\u00bb3_5&#8243; _builder_version=\u00bb4.16&#8243; _module_preset=\u00bbdefault\u00bb global_colors_info=\u00bb{}\u00bb][dipl_scroll_image image=\u00bbhttps:\/\/www.supercentrodelamoda.com\/sitio\/wp-content\/uploads\/2022\/08\/logo-blanco-500&#215;325-1.png\u00bb _builder_version=\u00bb4.18.0&#8243; _module_preset=\u00bbdefault\u00bb width=\u00bb250px\u00bb module_alignment=\u00bbcenter\u00bb global_colors_info=\u00bb{}\u00bb][\/dipl_scroll_image][\/et_pb_column][et_pb_column type=\u00bb2_5&#8243; _builder_version=\u00bb4.16&#8243; _module_preset=\u00bbdefault\u00bb global_colors_info=\u00bb{}\u00bb][et_pb_text admin_label=\u00bbTitle\u00bb _builder_version=\u00bb4.18.0&#8243; text_font=\u00bbPoppins|300|||||||\u00bb text_text_color=\u00bb#FFFFFF\u00bb ul_font=\u00bb||||||||\u00bb header_font=\u00bb||||||||\u00bb header_3_font=\u00bbMontserrat|700|||||||\u00bb header_3_text_color=\u00bb#DE1E77&#8243; header_3_font_size=\u00bb4vw\u00bb header_4_font=\u00bb||||||||\u00bb header_5_font=\u00bbMontserrat|600|||||||\u00bb header_5_text_color=\u00bb#DE1E77&#8243; header_3_text_shadow_style=\u00bbpreset3&#8243; header_3_text_shadow_color=\u00bb#022572&#8243; locked=\u00bboff\u00bb global_colors_info=\u00bb{}\u00bb]<\/p>\n<h5>Encuentra todo para estar<\/h5>\n<h3>A la moda<\/h3>\n<p>Contamos con un gran espacio comercial e industrial donde la moda es protagonista, almacenes con marcas propias a los mejores precios.<\/p>\n<p>[\/et_pb_text][et_pb_button button_url=\u00bb@ET-DC@eyJkeW5hbWljIjp0cnVlLCJjb250ZW50IjoicG9zdF9saW5rX3VybF9wYWdlIiwic2V0dGluZ3MiOnsicG9zdF9pZCI6Ijc2In19@\u00bb button_text=\u00bbVisita nuestro Centro Comercial\u00bb button_alignment=\u00bbleft\u00bb _builder_version=\u00bb4.18.0&#8243; _dynamic_attributes=\u00bbbutton_url\u00bb custom_button=\u00bbon\u00bb button_text_size=\u00bb16px\u00bb button_text_color=\u00bb#FFFFFF\u00bb button_bg_color=\u00bb#DE1E77&#8243; button_border_width=\u00bb0px\u00bb button_border_radius=\u00bb20px\u00bb button_icon=\u00bb&#x35;||divi||400&#8243; background_layout=\u00bbdark\u00bb custom_margin=\u00bb|||\u00bb animation_style=\u00bbslide\u00bb animation_direction=\u00bbleft\u00bb animation_delay=\u00bb250ms\u00bb animation_intensity_slide=\u00bb20%\u00bb locked=\u00bboff\u00bb global_colors_info=\u00bb{}\u00bb button_text_size__hover_enabled=\u00bboff\u00bb button_one_text_size__hover_enabled=\u00bboff\u00bb button_two_text_size__hover_enabled=\u00bboff\u00bb button_text_color__hover_enabled=\u00bboff\u00bb button_one_text_color__hover_enabled=\u00bboff\u00bb button_two_text_color__hover_enabled=\u00bboff\u00bb button_border_width__hover_enabled=\u00bboff\u00bb button_one_border_width__hover_enabled=\u00bboff\u00bb button_two_border_width__hover_enabled=\u00bboff\u00bb button_border_color__hover_enabled=\u00bboff\u00bb button_one_border_color__hover_enabled=\u00bboff\u00bb button_two_border_color__hover_enabled=\u00bboff\u00bb button_border_radius__hover_enabled=\u00bboff\u00bb button_one_border_radius__hover_enabled=\u00bboff\u00bb button_two_border_radius__hover_enabled=\u00bboff\u00bb button_letter_spacing__hover_enabled=\u00bboff\u00bb button_one_letter_spacing__hover_enabled=\u00bboff\u00bb button_two_letter_spacing__hover_enabled=\u00bboff\u00bb button_bg_color__hover_enabled=\u00bboff\u00bb button_one_bg_color__hover_enabled=\u00bboff\u00bb button_two_bg_color__hover_enabled=\u00bboff\u00bb][\/et_pb_button][\/et_pb_column][\/et_pb_row][\/et_pb_section][et_pb_section fb_built=\u00bb1&#8243; admin_label=\u00bbCarrusel Logos\u00bb _builder_version=\u00bb4.17.6&#8243; _module_preset=\u00bbdefault\u00bb collapsed=\u00bbon\u00bb global_colors_info=\u00bb{}\u00bb][et_pb_row _builder_version=\u00bb4.17.6&#8243; _module_preset=\u00bbdefault\u00bb animation_style=\u00bbzoom\u00bb animation_delay=\u00bb200ms\u00bb animation_intensity_zoom=\u00bb20%\u00bb global_colors_info=\u00bb{}\u00bb][et_pb_column type=\u00bb4_4&#8243; _builder_version=\u00bb4.16&#8243; _module_preset=\u00bbdefault\u00bb global_colors_info=\u00bb{}\u00bb][et_pb_text _builder_version=\u00bb4.18.0&#8243; text_font=\u00bbLato||||||||\u00bb text_font_size=\u00bb20px\u00bb text_line_height=\u00bb1.8em\u00bb header_font=\u00bb||||||||\u00bb header_2_font=\u00bbMontserrat|700|||||||\u00bb header_2_text_color=\u00bb#DE1E77&#8243; header_2_font_size=\u00bb42px\u00bb header_5_font=\u00bbPoppins||||||||\u00bb header_5_text_color=\u00bb#E01F45&#8243; text_orientation=\u00bbcenter\u00bb max_width=\u00bb700px\u00bb module_alignment=\u00bbcenter\u00bb custom_margin=\u00bb||0px|\u00bb header_2_font_size_tablet=\u00bb32px\u00bb header_2_font_size_phone=\u00bb20px\u00bb header_2_font_size_last_edited=\u00bbon|phone\u00bb global_colors_info=\u00bb{}\u00bb]<\/p>\n<h2>Nuestro principal atractivo<\/h2>\n<p>[\/et_pb_text][\/et_pb_column][\/et_pb_row][et_pb_row column_structure=\u00bb1_3,1_3,1_3&#8243; _builder_version=\u00bb4.17.6&#8243; _module_preset=\u00bbdefault\u00bb module_alignment=\u00bbcenter\u00bb animation_style=\u00bbzoom\u00bb animation_delay=\u00bb200ms\u00bb animation_intensity_zoom=\u00bb20%\u00bb locked=\u00bboff\u00bb global_colors_info=\u00bb{}\u00bb][et_pb_column type=\u00bb1_3&#8243; _builder_version=\u00bb4.16&#8243; _module_preset=\u00bbdefault\u00bb global_colors_info=\u00bb{}\u00bb][et_pb_blurb title=\u00bbCompra mayorista y al detal\u00bb image=\u00bbhttps:\/\/www.supercentrodelamoda.com\/sitio\/wp-content\/uploads\/2022\/08\/Slide-bg-1.jpg\u00bb _builder_version=\u00bb4.18.0&#8243; _module_preset=\u00bbdefault\u00bb header_font=\u00bbMontserrat|600|||||||\u00bb header_text_color=\u00bb#362268&#8243; body_font=\u00bbPoppins||||||||\u00bb body_text_align=\u00bbjustify\u00bb body_text_color=\u00bb#00061A\u00bb custom_padding=\u00bb20px|20px|20px|20px|true|true\u00bb border_radii=\u00bbon|10px|10px|10px|10px\u00bb border_width_all=\u00bb1px\u00bb border_color_all=\u00bb#D6D6D6&#8243; border_radii_image=\u00bbon|5px|5px|5px|5px\u00bb box_shadow_style=\u00bbpreset2&#8243; box_shadow_horizontal=\u00bb0px\u00bb box_shadow_vertical=\u00bb4px\u00bb box_shadow_color=\u00bbrgba(0,0,0,0.22)\u00bb global_colors_info=\u00bb{}\u00bb][\/et_pb_blurb][\/et_pb_column][et_pb_column type=\u00bb1_3&#8243; _builder_version=\u00bb4.16&#8243; _module_preset=\u00bbdefault\u00bb global_colors_info=\u00bb{}\u00bb][et_pb_blurb title=\u00bbOferta gastron\u00f3mica\u00bb image=\u00bbhttps:\/\/www.supercentrodelamoda.com\/sitio\/wp-content\/uploads\/2022\/08\/Slide-bg-2.jpg\u00bb _builder_version=\u00bb4.18.0&#8243; _module_preset=\u00bbdefault\u00bb header_font=\u00bbMontserrat|600|||||||\u00bb header_text_color=\u00bb#362268&#8243; body_font=\u00bbPoppins||||||||\u00bb body_text_align=\u00bbjustify\u00bb body_text_color=\u00bb#00061A\u00bb custom_padding=\u00bb20px|20px|20px|20px|true|true\u00bb border_radii=\u00bbon|10px|10px|10px|10px\u00bb border_width_all=\u00bb1px\u00bb border_color_all=\u00bb#D6D6D6&#8243; border_radii_image=\u00bbon|5px|5px|5px|5px\u00bb box_shadow_style=\u00bbpreset2&#8243; box_shadow_horizontal=\u00bb0px\u00bb box_shadow_vertical=\u00bb4px\u00bb box_shadow_color=\u00bbrgba(0,0,0,0.22)\u00bb global_colors_info=\u00bb{}\u00bb][\/et_pb_blurb][\/et_pb_column][et_pb_column type=\u00bb1_3&#8243; _builder_version=\u00bb4.16&#8243; _module_preset=\u00bbdefault\u00bb global_colors_info=\u00bb{}\u00bb][et_pb_blurb title=\u00bbIndustria confecci\u00f3n\u00bb image=\u00bbhttps:\/\/www.supercentrodelamoda.com\/sitio\/wp-content\/uploads\/2022\/08\/Slide-bg-5.jpg\u00bb _builder_version=\u00bb4.18.0&#8243; _module_preset=\u00bbdefault\u00bb header_font=\u00bbMontserrat|600|||||||\u00bb header_text_color=\u00bb#362268&#8243; body_font=\u00bbPoppins||||||||\u00bb body_text_align=\u00bbjustify\u00bb body_text_color=\u00bb#00061A\u00bb custom_padding=\u00bb20px|20px|20px|20px|true|true\u00bb border_radii=\u00bbon|10px|10px|10px|10px\u00bb border_width_all=\u00bb1px\u00bb border_color_all=\u00bb#D6D6D6&#8243; border_radii_image=\u00bbon|5px|5px|5px|5px\u00bb box_shadow_style=\u00bbpreset2&#8243; box_shadow_horizontal=\u00bb0px\u00bb box_shadow_vertical=\u00bb4px\u00bb box_shadow_color=\u00bbrgba(0,0,0,0.22)\u00bb global_colors_info=\u00bb{}\u00bb][\/et_pb_blurb][\/et_pb_column][\/et_pb_row][\/et_pb_section]<\/p>\n","protected":false},"excerpt":{"rendered":"<p>Somos el primer Centro Comercial en la v\u00eda internacional de la moda de Itag\u00fc\u00ed.Encuentra todo para estar a la modaNuestras Marcas<div class=\"et_pb_module dipl_logo_slider dipl_logo_slider_0\">\n\t\t\t\t\n\t\t\t\t\n\t\t\t\t\n\t\t\t\t\n\t\t\t\t\n\t\t\t\t\n\t\t\t\t<div class=\"et_pb_module_inner\">\n\t\t\t\t\t<div class=\"dipl_swiper_wrapper\"><div class=\"dipl_logo_slider_wrapper dipl_swiper_inner_wrap dipl_slide_center\"><div class=\"swiper-container\"><div class=\"swiper-wrapper\"><\/div> <!-- swiper-wrapper --><\/div> <!-- swiper-container --><\/div> <!-- dipl_logo_slider_wrapper --><\/div> <!--- dipl_swiper_wrapper --><script>jQuery(function($) {var dipl_logo_slider_0_swiper = new Swiper('.dipl_logo_slider_0 .swiper-container', {\n                            slidesPerView: 5,\n                            slidesPerGroup: 1,\n                            slidesPerGroupSkip: 4,\n                            autoplay: {\n                                delay:2000,\n                                disableOnInteraction: true,\n                            },\n                            spaceBetween: 15,\n                            speed: 1000,\n                            loop: true,\n                            pagination: false,\n                            navigation: false,\n                            grabCursor: 'true',\n                            observer: true,\n\t\t\t\t\t\t\tobserveParents: true,\n                            breakpoints: {\n                            \t981: {\n\t\t                          \tslidesPerView: 5,\n\t\t                          \tspaceBetween: 15,\n                            \t\tslidesPerGroup: 1,\n                            \t\tslidesPerGroupSkip: 4,\n\t\t                        },\n\t\t                        768: {\n\t\t                          \tslidesPerView: 3,\n\t\t                          \tspaceBetween: 15,\n\t\t                          \tslidesPerGroup: 1,\n                            \t\tslidesPerGroupSkip: 2,\n\t\t                        },\n\t\t                        0: {\n\t\t                          \tslidesPerView: 1,\n\t\t                          \tspaceBetween: 15,\n\t\t                          \tslidesPerGroup: 1,\n                            \t\tslidesPerGroupSkip: 0,\n\t\t                        }\n\t\t                    },\n                    });$(\".dipl_logo_slider_0 .swiper-container\").on(\"mouseenter\", function(e) {\n\t\t\t\t\t\t\tif ( typeof dipl_logo_slider_0_swiper.autoplay.stop === \"function\" ) {\n\t\t\t\t\t\t\t\tdipl_logo_slider_0_swiper.autoplay.stop();\n\t\t\t\t\t\t\t}\n                        });$(\".dipl_logo_slider_0 .swiper-container\").on(\"mouseleave\", function(e) {\n        \t\t\t\t\tif ( typeof dipl_logo_slider_0_swiper.autoplay.start === \"function\" ) {\n                            \tdipl_logo_slider_0_swiper.autoplay.start();\n                            }\n                        });});<\/script>\n\t\t\t\t<\/div>\n\t\t\t<\/div><div class=\"et_pb_module dipl_logo_slider_item dipl_logo_slider_item_0 swiper-slide\">\n\t\t\t\t\n\t\t\t\t\n\t\t\t\t\n\t\t\t\t\n\t\t\t\t\n\t\t\t\t\n\t\t\t\t<div class=\"et_pb_module_inner\">\n\t\t\t\t\t<div class=\"dipl_logo_wrapper\"><img decoding=\"async\" class=\"dipl_logo_image\" src=\"https:\/\/www.supercentrodelamoda.com\/sitio\/wp-content\/uploads\/2022\/08\/avalon-jeans.png\" alt=\"Avalon-Jeans\"\/><\/div>\n\t\t\t\t<\/div>\n\t\t\t<\/div><div class=\"et_pb_module dipl_logo_slider_item dipl_logo_slider_item_1 swiper-slide\">\n\t\t\t\t\n\t\t\t\t\n\t\t\t\t\n\t\t\t\t\n\t\t\t\t\n\t\t\t\t\n\t\t\t\t<div class=\"et_pb_module_inner\">\n\t\t\t\t\t<div class=\"dipl_logo_wrapper\"><img decoding=\"async\" class=\"dipl_logo_image\" src=\"https:\/\/www.supercentrodelamoda.com\/sitio\/wp-content\/uploads\/2022\/08\/in-fashion.png\" alt=\"In-Fashion\"\/><\/div>\n\t\t\t\t<\/div>\n\t\t\t<\/div><div class=\"et_pb_module dipl_logo_slider_item dipl_logo_slider_item_2 swiper-slide\">\n\t\t\t\t\n\t\t\t\t\n\t\t\t\t\n\t\t\t\t\n\t\t\t\t\n\t\t\t\t\n\t\t\t\t<div class=\"et_pb_module_inner\">\n\t\t\t\t\t<div class=\"dipl_logo_wrapper\"><img decoding=\"async\" class=\"dipl_logo_image\" src=\"https:\/\/www.supercentrodelamoda.com\/sitio\/wp-content\/uploads\/2022\/08\/inmobiliaria-torres.jpg\" alt=\"Inmobiliaria-Torres-Loaiza\"\/><\/div>\n\t\t\t\t<\/div>\n\t\t\t<\/div><div class=\"et_pb_module dipl_logo_slider_item dipl_logo_slider_item_3 swiper-slide\">\n\t\t\t\t\n\t\t\t\t\n\t\t\t\t\n\t\t\t\t\n\t\t\t\t\n\t\t\t\t\n\t\t\t\t<div class=\"et_pb_module_inner\">\n\t\t\t\t\t<div class=\"dipl_logo_wrapper\"><img decoding=\"async\" class=\"dipl_logo_image\" src=\"https:\/\/www.supercentrodelamoda.com\/sitio\/wp-content\/uploads\/2022\/08\/bizarro.jpg\" alt=\"Bizarro\"\/><\/div>\n\t\t\t\t<\/div>\n\t\t\t<\/div><div class=\"et_pb_module dipl_logo_slider_item dipl_logo_slider_item_4 swiper-slide\">\n\t\t\t\t\n\t\t\t\t\n\t\t\t\t\n\t\t\t\t\n\t\t\t\t\n\t\t\t\t\n\t\t\t\t<div class=\"et_pb_module_inner\">\n\t\t\t\t\t<div class=\"dipl_logo_wrapper\"><img decoding=\"async\" class=\"dipl_logo_image\" src=\"\u00bbhttps:\/\/www.supercentrodelamoda.com\/sitio\/wp-content\/uploads\/2022\/08\/Olimpica.jpg\u00bb\" alt=\"\u00bbOlimpica\u00bb\"\/><\/div>\n\t\t\t\t<\/div>\n\t\t\t<\/div><\/p>\n","protected":false},"author":1,"featured_media":0,"parent":0,"menu_order":0,"comment_status":"closed","ping_status":"closed","template":"","meta":{"_et_pb_use_builder":"on","_et_pb_old_content":"","_et_gb_content_width":"","footnotes":""},"class_list":["post-72","page","type-page","status-publish","hentry"],"jetpack_sharing_enabled":true,"_links":{"self":[{"href":"https:\/\/www.supercentrodelamoda.com\/sitio\/wp-json\/wp\/v2\/pages\/72","targetHints":{"allow":["GET"]}}],"collection":[{"href":"https:\/\/www.supercentrodelamoda.com\/sitio\/wp-json\/wp\/v2\/pages"}],"about":[{"href":"https:\/\/www.supercentrodelamoda.com\/sitio\/wp-json\/wp\/v2\/types\/page"}],"author":[{"embeddable":true,"href":"https:\/\/www.supercentrodelamoda.com\/sitio\/wp-json\/wp\/v2\/users\/1"}],"replies":[{"embeddable":true,"href":"https:\/\/www.supercentrodelamoda.com\/sitio\/wp-json\/wp\/v2\/comments?post=72"}],"version-history":[{"count":49,"href":"https:\/\/www.supercentrodelamoda.com\/sitio\/wp-json\/wp\/v2\/pages\/72\/revisions"}],"predecessor-version":[{"id":735,"href":"https:\/\/www.supercentrodelamoda.com\/sitio\/wp-json\/wp\/v2\/pages\/72\/revisions\/735"}],"wp:attachment":[{"href":"https:\/\/www.supercentrodelamoda.com\/sitio\/wp-json\/wp\/v2\/media?parent=72"}],"curies":[{"name":"wp","href":"https:\/\/api.w.org\/{rel}","templated":true}]}}